
{"id":1383,"date":"2025-10-05T11:35:28","date_gmt":"2025-10-05T04:35:28","guid":{"rendered":"https:\/\/annablinds.com\/product\/ngan-bon-tam\/"},"modified":"2025-10-08T15:49:27","modified_gmt":"2025-10-08T08:49:27","slug":"man-tam","status":"publish","type":"product","link":"https:\/\/annablinds.com\/en\/san-pham\/man-tam\/","title":{"rendered":"R\u00e8m Ph\u00f2ng T\u1eafm"},"content":{"rendered":"<h1><strong>R\u00e8m Ph\u00f2ng T\u1eafm<\/strong><\/h1>\n<p data-start=\"159\" data-end=\"499\">R\u00e8m ph\u00f2ng t\u1eafm, hay c\u00f2n g\u1ecdi l\u00e0 m\u00e0n ng\u0103n b\u1ed3n t\u1eafm, kh\u00f4ng ch\u1ec9 c\u00f3 ch\u1ee9c n\u0103ng ng\u0103n n\u01b0\u1edbc b\u1eafn ra ngo\u00e0i m\u00e0 c\u00f2n mang \u0111\u1ebfn s\u1ef1 ti\u1ec7n nghi v\u00e0 v\u1ebb \u0111\u1eb9p tinh t\u1ebf cho kh\u00f4ng gian. S\u1ea3n ph\u1ea9m gi\u00fap gi\u1eef cho s\u00e0n nh\u00e0 t\u1eafm lu\u00f4n kh\u00f4 r\u00e1o, s\u1ea1ch s\u1ebd, \u0111\u1ed3ng th\u1eddi t\u1ea1o n\u00ean \u0111i\u1ec3m nh\u1ea5n trang tr\u00ed hi\u1ec7n \u0111\u1ea1i, mang l\u1ea1i c\u1ea3m gi\u00e1c tho\u1ea3i m\u00e1i v\u00e0 m\u1edbi m\u1ebb cho ph\u00f2ng t\u1eafm c\u1ee7a b\u1ea1n.<\/p>\n<p data-start=\"501\" data-end=\"730\">\u0110\u01b0\u1ee3c l\u00e0m t\u1eeb 100% Polyester cao c\u1ea5p ch\u1ed1ng th\u1ea5m n\u01b0\u1edbc, r\u00e8m ph\u00f2ng t\u1eafm ANNA c\u00f3 kh\u1ea3 n\u0103ng c\u1ea3n nhi\u1ec7t, \u0111i\u1ec1u ti\u1ebft \u00e1nh s\u00e1ng v\u00e0 ti\u1ebft ki\u1ec7m chi ph\u00ed hi\u1ec7u qu\u1ea3 h\u01a1n nhi\u1ec1u so v\u1edbi c\u00e1c lo\u1ea1i v\u00e1ch ng\u0103n truy\u1ec1n th\u1ed1ng nh\u01b0 k\u00ednh hay t\u01b0\u1eddng x\u00e2y.<\/p>\n<p><img loading=\"lazy\" class=\"wp-image-1855 size-full\" src=\"https:\/\/annablinds.com\/wp-content\/uploads\/2021\/07\/man-ngan-bon-tam-00.jpg\" alt=\"m\u00e0n t\u1eafm, r\u00e8m ph\u00f2ng t\u1eafm\" width=\"1280\" height=\"800\" srcset=\"https:\/\/annablinds.com\/wp-content\/uploads\/2021\/07\/man-ngan-bon-tam-00.jpg 1280w, https:\/\/annablinds.com\/wp-content\/uploads\/2021\/07\/man-ngan-bon-tam-00-300x188.jpg 300w, https:\/\/annablinds.com\/wp-content\/uploads\/2021\/07\/man-ngan-bon-tam-00-1024x640.jpg 1024w, https:\/\/annablinds.com\/wp-content\/uploads\/2021\/07\/man-ngan-bon-tam-00-768x480.jpg 768w, https:\/\/annablinds.com\/wp-content\/uploads\/2021\/07\/man-ngan-bon-tam-00-370x231.jpg 370w, https:\/\/annablinds.com\/wp-content\/uploads\/2021\/07\/man-ngan-bon-tam-00-760x475.jpg 760w, https:\/\/annablinds.com\/wp-content\/uploads\/2021\/07\/man-ngan-bon-tam-00-600x375.jpg 600w\" sizes=\"(max-width: 1280px) 100vw, 1280px\" \/><\/p>\n<h3><strong>B\u1ea3ng gi\u00e1 R\u00e8m ph\u00f2ng t\u1eafm:<\/strong><\/h3>\n<p><span style=\"color: #ff0000;\"><strong>C\u1eadp Nh\u1eadt: 01.10.2025<\/strong><\/span><\/p>\n<p><strong>Size: 1.8m x 1.8m : Li\u00ean h\u1ec7<\/strong><\/p>\n<p><strong>Size: 1.8m x 2.0m : Li\u00ean h\u1ec7<\/strong><\/p>\n<p><strong>Size: 2.4m x 1.8m: Li\u00ean h\u1ec7<\/strong><\/p>\n<p><strong>M\u00e0u s\u1eafc: m\u00e0u kem v\u00e0 m\u00e0u tr\u1eafng<\/strong><\/p>\n<p>&nbsp;<\/p>\n<p><a href=\"https:\/\/annablinds.com\/lien-he\/\" target=\"_blank\" rel=\"noopener\"><img loading=\"lazy\" class=\"alignnone size-full wp-image-2878\" src=\"https:\/\/annablinds.com\/wp-content\/uploads\/2022\/01\/btn-dk-dai-ly-1.png\" alt=\"\" width=\"200\" height=\"43\" \/><\/a><\/p>\n<p><span style=\"color: #ff0000;\"><strong>H\u00c3Y \u0110\u1ec2 ANNA L\u00c0M N\u00caN DI\u1ec6N M\u1ea0O NG\u00d4I NH\u00c0 B\u1ea0N.<br \/>\n<\/strong><\/span>M\u00e0n s\u00e1o ANNA t\u1ef1 h\u00e0o \u0111\u00e3 l\u00e0m n\u00ean s\u1ef1 hi\u1ec7n \u0111\u1ea1i c\u00e1c c\u00f4ng tr\u00ecnh x\u00e2y d\u1ef1ng, n\u00e9t thanh l\u1ecbch n\u01a1i c\u00f4ng s\u1edf, v\u1ebb \u0111\u1eb9p sang tr\u1ecdng c\u1ee7a nh\u00e0 h\u00e0ng, kh\u00e1ch s\u1ea1n, phong c\u00e1ch \u0111\u1ed9c \u0111\u00e1o cho nh\u1eefng ng\u00f4i bi\u1ec7t th\u1ef1, s\u1ef1 \u1ea5m c\u00fang cho c\u00e1c ng\u00f4i nh\u00e0 v\u00e0 c\u0103n h\u1ed9.<\/p>\n<p style=\"border-top: 1px solid #cdcdcd; padding-top: 10px;\"><strong>C\u00d4NG TY TNHH MTV AN NA KHANG<\/strong><br \/>\nGi\u1edd l\u00e0m vi\u1ec7c: 8h \u0111\u1ebfn 17h T\u1eeb th\u1ee9 2 \u0111\u1ebfn th\u1ee9 7. Ngh\u1ec9 v\u00e0o Ch\u1ee7 Nh\u1eadt &amp; c\u00e1c ng\u00e0y l\u1ec5 l\u1edbn.<br \/>\n<a href=\"tel:0819123123\">0819 123 123<\/a> (Ms.Kim T\u01b0 v\u1ea5n \u0111\u1eb7t h\u00e0ng)<br \/>\n<a href=\"tel:\">0814 123 123<\/a> (Mr.H\u1ed3ng T\u01b0 v\u1ea5n k\u1ef9 thu\u1eadt)<\/p>\n","protected":false},"excerpt":{"rendered":"<p>R\u00e8m ng\u0103n ph\u00f2ng t\u1eafm Anna xu\u1ea5t x\u1ee9 \u0110\u00e0i Loan, ch\u00e2t li\u1ec7u v\u1ea3i Polyester 100%. Ng\u0103n n\u01b0\u1edbc t\u1eeb b\u1ed3n t\u1eafm gi\u00fap ph\u00f2ng t\u1eafm lu\u00f4n kh\u00f4 r\u00e1o.<\/p>\n","protected":false},"featured_media":1855,"comment_status":"open","ping_status":"closed","template":"","meta":[],"product_cat":[87,90],"product_tag":[91,163,164],"yoast_head":"<!-- This site is optimized with the Yoast SEO plugin v17.2 - https:\/\/yoast.com\/wordpress\/plugins\/seo\/ -->\n<title>R\u00e8m Ph\u00f2ng T\u1eafm - Anna Blinds - \u0110\u1eb9p \u1edf m\u1ecdi g\u00f3c nh\u00ecn !<\/title>\n<meta name=\"description\" content=\"Chuy\u00ean cung c\u1ea5p c\u00e1c lo\u1ea1i r\u00e8m ph\u00f2ng t\u1eafm \u0111a d\u1ea1ng m\u1eabu m\u00e3, m\u00e0u s\u1eafc, ch\u1ea5t li\u1ec7u. B\u1ea3o h\u00e0nh l\u00e2u. Giao h\u00e0ng t\u1eadn n\u01a1i. Tuy\u1ec3n d\u1ee5ng \u0110\u1ea1i L\u00fd to\u00e0n qu\u1ed1c\" \/>\n<meta name=\"robots\" content=\"index, follow, max-snippet:-1, max-image-preview:large, max-video-preview:-1\" \/>\n<link rel=\"canonical\" href=\"https:\/\/annablinds.com\/en\/san-pham\/man-tam\/\" \/>\n<meta property=\"og:locale\" content=\"en_US\" \/>\n<meta property=\"og:type\" content=\"article\" \/>\n<meta property=\"og:title\" content=\"R\u00e8m Ph\u00f2ng T\u1eafm - Anna Blinds - \u0110\u1eb9p \u1edf m\u1ecdi g\u00f3c nh\u00ecn !\" \/>\n<meta property=\"og:description\" content=\"Chuy\u00ean cung c\u1ea5p c\u00e1c lo\u1ea1i r\u00e8m ph\u00f2ng t\u1eafm \u0111a d\u1ea1ng m\u1eabu m\u00e3, m\u00e0u s\u1eafc, ch\u1ea5t li\u1ec7u. B\u1ea3o h\u00e0nh l\u00e2u. Giao h\u00e0ng t\u1eadn n\u01a1i. Tuy\u1ec3n d\u1ee5ng \u0110\u1ea1i L\u00fd to\u00e0n qu\u1ed1c\" \/>\n<meta property=\"og:url\" content=\"https:\/\/annablinds.com\/en\/san-pham\/man-tam\/\" \/>\n<meta property=\"og:site_name\" content=\"Anna Blinds - \u0110\u1eb9p \u1edf m\u1ecdi g\u00f3c nh\u00ecn !\" \/>\n<meta property=\"article:publisher\" content=\"https:\/\/www.facebook.com\/mansaocaocap\" \/>\n<meta property=\"article:modified_time\" content=\"2025-10-08T08:49:27+00:00\" \/>\n<meta property=\"og:image\" content=\"https:\/\/annablinds.com\/wp-content\/uploads\/2021\/07\/man-ngan-bon-tam-00.jpg\" \/>\n\t<meta property=\"og:image:width\" content=\"1280\" \/>\n\t<meta property=\"og:image:height\" content=\"800\" \/>\n<meta name=\"twitter:card\" content=\"summary_large_image\" \/>\n<meta name=\"twitter:label1\" content=\"Est. reading time\" \/>\n\t<meta name=\"twitter:data1\" content=\"2 minutes\" \/>\n<script type=\"application\/ld+json\" class=\"yoast-schema-graph\">{\"@context\":\"https:\/\/schema.org\",\"@graph\":[{\"@type\":\"Organization\",\"@id\":\"https:\/\/annablinds.com\/#organization\",\"name\":\"C\\u00f4ng ty TNHH MTV Anna Khang\",\"url\":\"https:\/\/annablinds.com\/\",\"sameAs\":[\"https:\/\/www.facebook.com\/mansaocaocap\"],\"logo\":{\"@type\":\"ImageObject\",\"@id\":\"https:\/\/annablinds.com\/#logo\",\"inLanguage\":\"en\",\"url\":\"https:\/\/annablinds.com\/wp-content\/uploads\/2021\/07\/logo-anna.jpeg\",\"contentUrl\":\"https:\/\/annablinds.com\/wp-content\/uploads\/2021\/07\/logo-anna.jpeg\",\"width\":110,\"height\":110,\"caption\":\"C\\u00f4ng ty TNHH MTV Anna Khang\"},\"image\":{\"@id\":\"https:\/\/annablinds.com\/#logo\"}},{\"@type\":\"WebSite\",\"@id\":\"https:\/\/annablinds.com\/#website\",\"url\":\"https:\/\/annablinds.com\/\",\"name\":\"Anna Blinds - \\u0110\\u1eb9p \\u1edf m\\u1ecdi g\\u00f3c nh\\u00ecn !\",\"description\":\"Chuy\\u00ean cung c\\u1ea5p s\\u1ea3n xu\\u1ea5t r\\u00e8m c\\u1eeda\",\"publisher\":{\"@id\":\"https:\/\/annablinds.com\/#organization\"},\"potentialAction\":[{\"@type\":\"SearchAction\",\"target\":{\"@type\":\"EntryPoint\",\"urlTemplate\":\"https:\/\/annablinds.com\/?s={search_term_string}\"},\"query-input\":\"required name=search_term_string\"}],\"inLanguage\":\"en\"},{\"@type\":\"ImageObject\",\"@id\":\"https:\/\/annablinds.com\/en\/san-pham\/man-tam\/#primaryimage\",\"inLanguage\":\"en\",\"url\":\"https:\/\/annablinds.com\/wp-content\/uploads\/2021\/07\/man-ngan-bon-tam-00.jpg\",\"contentUrl\":\"https:\/\/annablinds.com\/wp-content\/uploads\/2021\/07\/man-ngan-bon-tam-00.jpg\",\"width\":1280,\"height\":800,\"caption\":\"m\\u00e0n ng\\u0103n b\\u1ed3n t\\u1eafm\"},{\"@type\":\"WebPage\",\"@id\":\"https:\/\/annablinds.com\/en\/san-pham\/man-tam\/#webpage\",\"url\":\"https:\/\/annablinds.com\/en\/san-pham\/man-tam\/\",\"name\":\"R\\u00e8m Ph\\u00f2ng T\\u1eafm - Anna Blinds - \\u0110\\u1eb9p \\u1edf m\\u1ecdi g\\u00f3c nh\\u00ecn !\",\"isPartOf\":{\"@id\":\"https:\/\/annablinds.com\/#website\"},\"primaryImageOfPage\":{\"@id\":\"https:\/\/annablinds.com\/en\/san-pham\/man-tam\/#primaryimage\"},\"datePublished\":\"2025-10-05T04:35:28+00:00\",\"dateModified\":\"2025-10-08T08:49:27+00:00\",\"description\":\"Chuy\\u00ean cung c\\u1ea5p c\\u00e1c lo\\u1ea1i r\\u00e8m ph\\u00f2ng t\\u1eafm \\u0111a d\\u1ea1ng m\\u1eabu m\\u00e3, m\\u00e0u s\\u1eafc, ch\\u1ea5t li\\u1ec7u. B\\u1ea3o h\\u00e0nh l\\u00e2u. Giao h\\u00e0ng t\\u1eadn n\\u01a1i. Tuy\\u1ec3n d\\u1ee5ng \\u0110\\u1ea1i L\\u00fd to\\u00e0n qu\\u1ed1c\",\"breadcrumb\":{\"@id\":\"https:\/\/annablinds.com\/en\/san-pham\/man-tam\/#breadcrumb\"},\"inLanguage\":\"en\",\"potentialAction\":[{\"@type\":\"ReadAction\",\"target\":[\"https:\/\/annablinds.com\/en\/san-pham\/man-tam\/\"]}]},{\"@type\":\"BreadcrumbList\",\"@id\":\"https:\/\/annablinds.com\/en\/san-pham\/man-tam\/#breadcrumb\",\"itemListElement\":[{\"@type\":\"ListItem\",\"position\":1,\"name\":\"Home\",\"item\":\"https:\/\/annablinds.com\/en\/\"},{\"@type\":\"ListItem\",\"position\":2,\"name\":\"S\\u1ea3n ph\\u1ea9m\",\"item\":\"https:\/\/annablinds.com\/san-pham\/\"},{\"@type\":\"ListItem\",\"position\":3,\"name\":\"R\\u00e8m Ph\\u00f2ng T\\u1eafm\"}]}]}<\/script>\n<!-- \/ Yoast SEO plugin. -->","yoast_head_json":{"title":"R\u00e8m Ph\u00f2ng T\u1eafm - Anna Blinds - \u0110\u1eb9p \u1edf m\u1ecdi g\u00f3c nh\u00ecn !","description":"Chuy\u00ean cung c\u1ea5p c\u00e1c lo\u1ea1i r\u00e8m ph\u00f2ng t\u1eafm \u0111a d\u1ea1ng m\u1eabu m\u00e3, m\u00e0u s\u1eafc, ch\u1ea5t li\u1ec7u. B\u1ea3o h\u00e0nh l\u00e2u. Giao h\u00e0ng t\u1eadn n\u01a1i. Tuy\u1ec3n d\u1ee5ng \u0110\u1ea1i L\u00fd to\u00e0n qu\u1ed1c","robots":{"index":"index","follow":"follow","max-snippet":"max-snippet:-1","max-image-preview":"max-image-preview:large","max-video-preview":"max-video-preview:-1"},"canonical":"https:\/\/annablinds.com\/en\/san-pham\/man-tam\/","og_locale":"en_US","og_type":"article","og_title":"R\u00e8m Ph\u00f2ng T\u1eafm - Anna Blinds - \u0110\u1eb9p \u1edf m\u1ecdi g\u00f3c nh\u00ecn !","og_description":"Chuy\u00ean cung c\u1ea5p c\u00e1c lo\u1ea1i r\u00e8m ph\u00f2ng t\u1eafm \u0111a d\u1ea1ng m\u1eabu m\u00e3, m\u00e0u s\u1eafc, ch\u1ea5t li\u1ec7u. B\u1ea3o h\u00e0nh l\u00e2u. Giao h\u00e0ng t\u1eadn n\u01a1i. Tuy\u1ec3n d\u1ee5ng \u0110\u1ea1i L\u00fd to\u00e0n qu\u1ed1c","og_url":"https:\/\/annablinds.com\/en\/san-pham\/man-tam\/","og_site_name":"Anna Blinds - \u0110\u1eb9p \u1edf m\u1ecdi g\u00f3c nh\u00ecn !","article_publisher":"https:\/\/www.facebook.com\/mansaocaocap","article_modified_time":"2025-10-08T08:49:27+00:00","og_image":[{"width":1280,"height":800,"url":"https:\/\/annablinds.com\/wp-content\/uploads\/2021\/07\/man-ngan-bon-tam-00.jpg","path":"\/home\/annablinds.com\/public_html\/wp-content\/uploads\/2021\/07\/man-ngan-bon-tam-00.jpg","size":"full","id":1855,"alt":"","pixels":1024000,"type":"image\/jpeg"}],"twitter_card":"summary_large_image","twitter_misc":{"Est. reading time":"2 minutes"},"schema":{"@context":"https:\/\/schema.org","@graph":[{"@type":"Organization","@id":"https:\/\/annablinds.com\/#organization","name":"C\u00f4ng ty TNHH MTV Anna Khang","url":"https:\/\/annablinds.com\/","sameAs":["https:\/\/www.facebook.com\/mansaocaocap"],"logo":{"@type":"ImageObject","@id":"https:\/\/annablinds.com\/#logo","inLanguage":"en","url":"https:\/\/annablinds.com\/wp-content\/uploads\/2021\/07\/logo-anna.jpeg","contentUrl":"https:\/\/annablinds.com\/wp-content\/uploads\/2021\/07\/logo-anna.jpeg","width":110,"height":110,"caption":"C\u00f4ng ty TNHH MTV Anna Khang"},"image":{"@id":"https:\/\/annablinds.com\/#logo"}},{"@type":"WebSite","@id":"https:\/\/annablinds.com\/#website","url":"https:\/\/annablinds.com\/","name":"Anna Blinds - \u0110\u1eb9p \u1edf m\u1ecdi g\u00f3c nh\u00ecn !","description":"Chuy\u00ean cung c\u1ea5p s\u1ea3n xu\u1ea5t r\u00e8m c\u1eeda","publisher":{"@id":"https:\/\/annablinds.com\/#organization"},"potentialAction":[{"@type":"SearchAction","target":{"@type":"EntryPoint","urlTemplate":"https:\/\/annablinds.com\/?s={search_term_string}"},"query-input":"required name=search_term_string"}],"inLanguage":"en"},{"@type":"ImageObject","@id":"https:\/\/annablinds.com\/en\/san-pham\/man-tam\/#primaryimage","inLanguage":"en","url":"https:\/\/annablinds.com\/wp-content\/uploads\/2021\/07\/man-ngan-bon-tam-00.jpg","contentUrl":"https:\/\/annablinds.com\/wp-content\/uploads\/2021\/07\/man-ngan-bon-tam-00.jpg","width":1280,"height":800,"caption":"m\u00e0n ng\u0103n b\u1ed3n t\u1eafm"},{"@type":"WebPage","@id":"https:\/\/annablinds.com\/en\/san-pham\/man-tam\/#webpage","url":"https:\/\/annablinds.com\/en\/san-pham\/man-tam\/","name":"R\u00e8m Ph\u00f2ng T\u1eafm - Anna Blinds - \u0110\u1eb9p \u1edf m\u1ecdi g\u00f3c nh\u00ecn !","isPartOf":{"@id":"https:\/\/annablinds.com\/#website"},"primaryImageOfPage":{"@id":"https:\/\/annablinds.com\/en\/san-pham\/man-tam\/#primaryimage"},"datePublished":"2025-10-05T04:35:28+00:00","dateModified":"2025-10-08T08:49:27+00:00","description":"Chuy\u00ean cung c\u1ea5p c\u00e1c lo\u1ea1i r\u00e8m ph\u00f2ng t\u1eafm \u0111a d\u1ea1ng m\u1eabu m\u00e3, m\u00e0u s\u1eafc, ch\u1ea5t li\u1ec7u. B\u1ea3o h\u00e0nh l\u00e2u. Giao h\u00e0ng t\u1eadn n\u01a1i. Tuy\u1ec3n d\u1ee5ng \u0110\u1ea1i L\u00fd to\u00e0n qu\u1ed1c","breadcrumb":{"@id":"https:\/\/annablinds.com\/en\/san-pham\/man-tam\/#breadcrumb"},"inLanguage":"en","potentialAction":[{"@type":"ReadAction","target":["https:\/\/annablinds.com\/en\/san-pham\/man-tam\/"]}]},{"@type":"BreadcrumbList","@id":"https:\/\/annablinds.com\/en\/san-pham\/man-tam\/#breadcrumb","itemListElement":[{"@type":"ListItem","position":1,"name":"Home","item":"https:\/\/annablinds.com\/en\/"},{"@type":"ListItem","position":2,"name":"S\u1ea3n ph\u1ea9m","item":"https:\/\/annablinds.com\/san-pham\/"},{"@type":"ListItem","position":3,"name":"R\u00e8m Ph\u00f2ng T\u1eafm"}]}]}},"_links":{"self":[{"href":"https:\/\/annablinds.com\/en\/wp-json\/wp\/v2\/product\/1383"}],"collection":[{"href":"https:\/\/annablinds.com\/en\/wp-json\/wp\/v2\/product"}],"about":[{"href":"https:\/\/annablinds.com\/en\/wp-json\/wp\/v2\/types\/product"}],"replies":[{"embeddable":true,"href":"https:\/\/annablinds.com\/en\/wp-json\/wp\/v2\/comments?post=1383"}],"wp:featuredmedia":[{"embeddable":true,"href":"https:\/\/annablinds.com\/en\/wp-json\/wp\/v2\/media\/1855"}],"wp:attachment":[{"href":"https:\/\/annablinds.com\/en\/wp-json\/wp\/v2\/media?parent=1383"}],"wp:term":[{"taxonomy":"product_cat","embeddable":true,"href":"https:\/\/annablinds.com\/en\/wp-json\/wp\/v2\/product_cat?post=1383"},{"taxonomy":"product_tag","embeddable":true,"href":"https:\/\/annablinds.com\/en\/wp-json\/wp\/v2\/product_tag?post=1383"}],"curies":[{"name":"wp","href":"https:\/\/api.w.org\/{rel}","templated":true}]}}