
{"id":1278,"date":"2017-07-11T14:27:13","date_gmt":"2017-07-11T14:27:13","guid":{"rendered":"https:\/\/annablinds.com\/about-us-style-1\/"},"modified":"2021-09-20T11:43:03","modified_gmt":"2021-09-20T04:43:03","slug":"about-us-style-1","status":"publish","type":"page","link":"https:\/\/annablinds.com\/en\/about-us-style-1\/","title":{"rendered":"About Us Style 1"},"content":{"rendered":"<p>[vc_row][vc_column width=&#8221;1\/3&#8243;][vc_single_image image=&#8221;1279&#8243; img_size=&#8221;full&#8221; alignment=&#8221;center&#8221;][vc_empty_space alter_height=&#8221;small&#8221; hide_on_desktop=&#8221;&#8221; hide_on_notebook=&#8221;&#8221; hide_on_tablet=&#8221;&#8221; hide_on_mobile=&#8221;&#8221; css=&#8221;.vc_custom_1507116561302{margin-top: 0.6rem !important;}&#8221;][vc_column_text]<\/p>\n<h5 style=\"text-align: center;\">Helen J. Kinney<\/h5>\n<p>[\/vc_column_text][vc_empty_space hide_on_desktop=&#8221;&#8221; hide_on_notebook=&#8221;&#8221; hide_on_tablet=&#8221;&#8221; hide_on_mobile=&#8221;&#8221;][vc_column_text]<\/p>\n<p style=\"text-align: center;\">Founder &amp; Director<\/p>\n<p>[\/vc_column_text][vc_empty_space alter_height=&#8221;huge&#8221; hide_on_desktop=&#8221;&#8221; hide_on_notebook=&#8221;&#8221; hide_on_tablet=&#8221;&#8221; hide_on_mobile=&#8221;&#8221;][\/vc_column][vc_column width=&#8221;2\/3&#8243;]<div id=\"sc_title_1824556999\"\n\t\tclass=\"sc_title color_style_default sc_title_default  vc_custom_1507116520878\"><h6 class=\"sc_item_subtitle sc_title_subtitle sc_align_left sc_item_title_style_default\">Welcome<\/h6><h3 class=\"sc_item_title sc_title_title sc_align_left sc_item_title_style_default\">About Gardis<\/h3><div class=\"sc_item_descr sc_title_descr sc_align_left\"><p>We are experts in curtain and blinds. We have spent many years working personally with our clients to create very individual stylish interiors. We provide a free in-home measure quote and free advice. We have a wide range to meet all your needs. We have a big range and you surely find what you need.<\/p>\n<p>Donec mollis, nibh eget maximus accumsan, lacus nibh sodales ante, nec porttitor nunc et nulla et urna. Pellentesque a erat non diam sollicitudin bibendum a sed enim. Etiam eu massa vulputate nisi accumsan lobortis. Nulla faucibus lacus sem, vel interdum leo sagittis eget. Quisque porttitor a felis nec velit gravida feugiat. Proin erat dolor, dapibus non convallis malesuada, pulvinar a quam.<\/p>\n<\/div><\/div><!-- \/.sc_title -->[vc_empty_space alter_height=&#8221;medium&#8221; hide_on_desktop=&#8221;&#8221; hide_on_notebook=&#8221;&#8221; hide_on_tablet=&#8221;&#8221; hide_on_mobile=&#8221;&#8221; css=&#8221;.vc_custom_1507116592881{margin-top: -0.5rem !important;}&#8221;][vc_column_text]<\/p>\n<h4 class=\"\">Dress your windows your way<\/h4>\n<p>Morbi blandit non lorem id placerat. Vivamus auctor purus quis nisi molestie, sit amet auctor nunc faucibus. Duis condimentum, risus eget condimentum pharetra, sapien lacus ullamcorper orci, risus bibendum lacus sapien quis massa. Quisque consectetur erat non neque varius a interdum. Donec rhoncus varius ipsum vel suscipit. Nunc tempor libero neque, eget condimentum tellus blandit in. Nam viverra varius leo sit amet luctus. Donec porttitor rutrum magna, eu eleifend ante facilisis id.[\/vc_column_text][vc_empty_space alter_height=&#8221;medium&#8221; hide_on_desktop=&#8221;&#8221; hide_on_notebook=&#8221;&#8221; hide_on_tablet=&#8221;&#8221; hide_on_mobile=&#8221;&#8221; css=&#8221;.vc_custom_1507116617766{margin-top: -0.4rem !important;}&#8221;][vc_column_text]<\/p>\n<h4 class=\"\">Our range of fabrics<\/h4>\n<p>Quisque a faucibus nisl. Integer eget augue eu tellus tincidunt tincidunt. Phasellus et ligula magna. Etiam aliquet mauris quis augue laoreet dictum. Suspendisse fermentum bibendum est, vitae varius libero mattis eget. Nunc ut pretium metus, eget efficitur tellus. Fusce varius leo et convallis molestie. Fusce vel tincidunt mauris. Suspendisse sed erat et erat mattis congue eget quis.[\/vc_column_text][vc_empty_space alter_height=&#8221;huge&#8221; hide_on_desktop=&#8221;&#8221; hide_on_notebook=&#8221;&#8221; hide_on_tablet=&#8221;&#8221; hide_on_mobile=&#8221;&#8221; css=&#8221;.vc_custom_1507116667489{margin-bottom: -0.4rem !important;}&#8221;][\/vc_column][\/vc_row][vc_row][vc_column]<div class=\"sc_layouts sc_layouts_default sc_layouts_1315\">[vc_row full_width=\"stretch_row\" scheme=\"dark\" row_delimiter=\"\" hide_on_desktop=\"\" hide_on_notebook=\"\" hide_on_tablet=\"\" hide_on_mobile=\"\" hide_on_frontpage=\"\" css=\".vc_custom_1507116704712{background-image: url(https:\/\/annablinds.com\/wp-content\/uploads\/2017\/07\/testi.jpg?id=402) !important;background-position: center !important;background-repeat: no-repeat !important;background-size: cover !important;}\"][vc_column icons_position=\"left\"][vc_empty_space alter_height=\"huge\" hide_on_desktop=\"\" hide_on_notebook=\"\" hide_on_tablet=\"\" hide_on_mobile=\"\" css=\".vc_custom_1507117477355{margin-bottom: -0.2rem !important;}\"]<div id=\"sc_content_921320087\"\n\t\tclass=\"sc_content color_style_default sc_content_default sc_float_center  vc_custom_1507117008401\"><div class=\"sc_content_container\">[vc_empty_space alter_height=\"large\" hide_on_desktop=\"\" hide_on_notebook=\"\" hide_on_tablet=\"\" hide_on_mobile=\"\" css=\".vc_custom_1507117509810{margin-bottom: -1.55rem !important;}\"]<div class=\"sc_testimonials color_style_default sc_testimonials_simple\"><h6 class=\"sc_item_title sc_testimonials_title sc_align_center sc_item_title_style_default sc_item_title_tag\">Testimonials<\/h6><div class=\"sc_testimonials_slider sc_item_slider slider_swiper_outer slider_outer slider_outer_nocontrols slider_outer_pagination slider_outer_pagination_custom slider_outer_pagination_pos_bottom slider_outer_one\">\n\t<div class=\"slider_container swiper-slider-container slider_swiper slider_noresize slider_nocontrols slider_pagination slider_pagination_custom slider_pagination_pos_bottom slider_one\" data-slides-min-width=\"290\" data-pagination=\"custom\">\n\t\t<div class=\"slides slider-wrapper swiper-wrapper sc_item_columns_1\"><div class=\"slider-slide swiper-slide\"><div class=\"sc_testimonials_item\">\n\t<div class=\"sc_testimonials_item_content\"><p>\u201cS\u1ea3n ph\u1ea9m ch\u1ea5t l\u01b0\u1ee3ng gi\u00e1 c\u1ea3 h\u1ee3p l\u00fd, ph\u1ee5c v\u1ee5 t\u1ed1t, \u0111\u1eb7c bi\u1ec7t l\u00e0 khuy\u1ebfn m\u00e3i n\u00e3o c\u0169ng h\u00e0i l\u00f2ng, x\u1ee9ng \u0111\u00e1ng 100 \u0111i\u1ec3m\u201d<\/p>\n<\/div>\n\t<div class=\"sc_testimonials_item_author\">\n\t\t<div class=\"sc_testimonials_item_author_data\">\n\t\t\t<h4 class=\"sc_testimonials_item_author_title\">\u0110\u1ea1i l\u00fd r\u00e8m H\u01b0ng Nhi<\/h4>\n\t\t\t<div class=\"sc_testimonials_item_author_subtitle\"><\/div>\n\t\t<\/div>\n\t<\/div>\n<\/div>\n<\/div><div class=\"slider-slide swiper-slide\"><div class=\"sc_testimonials_item\">\n\t<div class=\"sc_testimonials_item_content\"><p>&#8220;M\u00ecnh l\u00e0 \u0111\u1ea1i l\u00fd b\u00ean m\u00e0n c\u1eeda, s\u1ea3n ph\u1ea9m Anna r\u1ea5t t\u1ed1t, \u0111\u1ed9 b\u1ec1n cao, s\u1ea3n ph\u1ea9m \u0111a d\u1ea1ng c\u00f3 nhi\u1ec1u s\u1ef1 l\u1ef1a ch\u1ecdn cho kh\u00e1ch h\u00e0ng, \u0111\u1eb7c bi\u1ec7t nh\u00e2n vi\u00ean Anna lu\u00f4n vui v\u1ebb, Ch\u00fac c\u1eeda h\u00e0ng Anna lu\u00f4n th\u00e0nh c\u00f4ng v\u00e0 ng\u00e0y m\u1ed9t \u0111\u00f4ng kh\u00e1ch nh\u00e9..&#8221;<\/p>\n<\/div>\n\t<div class=\"sc_testimonials_item_author\">\n\t\t<div class=\"sc_testimonials_item_author_data\">\n\t\t\t<h4 class=\"sc_testimonials_item_author_title\">\u0110\u1ea1i l\u00fd r\u00e8m Ng\u1ecdc H\u1eb1ng<\/h4>\n\t\t\t<div class=\"sc_testimonials_item_author_subtitle\"><\/div>\n\t\t<\/div>\n\t<\/div>\n<\/div>\n<\/div><div class=\"slider-slide swiper-slide\"><div class=\"sc_testimonials_item\">\n\t<div class=\"sc_testimonials_item_content\"><p>&#8220;Nh\u00e2n vi\u00ean b\u00e1n h\u00e0ng ph\u1ee5c v\u1ee5 r\u1ea5t nhi\u1ec7t t\u00ecnh, s\u1ea3n ph\u1ea9m m\u00e0n c\u1ea7u v\u1ed3ng r\u1ea5t \u0111\u01b0\u1ee3c kh\u00e1ch h\u00e0ng \u01b0a chu\u1ed9ng, ch\u00fac Anna ng\u00e0y c\u00e0ng ph\u00e1t tri\u1ec3n!&#8221;<\/p>\n<\/div>\n\t<div class=\"sc_testimonials_item_author\">\n\t\t<div class=\"sc_testimonials_item_author_data\">\n\t\t\t<h4 class=\"sc_testimonials_item_author_title\">\u0110\u1ea1i l\u00fd Thanh B\u1eb1ng<\/h4>\n\t\t\t<div class=\"sc_testimonials_item_author_subtitle\"><\/div>\n\t\t<\/div>\n\t<\/div>\n<\/div>\n<\/div><\/div><\/div><div class=\"slider_pagination_wrap swiper-pagination\"><span class=\"slider-pagination-button swiper-pagination-button\" style=\"background-image: url(https:\/\/annablinds.com\/wp-content\/uploads\/2017\/07\/hung-nhi-180x180.jpg);\"><\/span><span class=\"slider-pagination-button swiper-pagination-button\" style=\"background-image: url(https:\/\/annablinds.com\/wp-content\/uploads\/2017\/07\/ngoc-hang-180x180.jpg);\"><\/span><span class=\"slider-pagination-button swiper-pagination-button\" style=\"background-image: url(https:\/\/annablinds.com\/wp-content\/uploads\/2017\/07\/dly-thanh-bang-180x180.jpg);\"><\/span><\/div><\/div><\/div><!-- \/.sc_testimonials -->[vc_empty_space alter_height=\"large\" hide_on_desktop=\"\" hide_on_notebook=\"\" hide_on_tablet=\"\" hide_on_mobile=\"\" css=\".vc_custom_1507119451212{margin-top: -0.8rem !important;}\"]<\/div><\/div><!-- \/.sc_content -->[vc_empty_space alter_height=\"huge\" hide_on_desktop=\"\" hide_on_notebook=\"\" hide_on_tablet=\"\" hide_on_mobile=\"\" css=\".vc_custom_1507119488943{margin-top: -0.1rem !important;}\"][\/vc_column][\/vc_row]<\/div>[\/vc_column][\/vc_row][vc_row][vc_column][vc_empty_space alter_height=&#8221;huge&#8221; hide_on_desktop=&#8221;&#8221; hide_on_notebook=&#8221;&#8221; hide_on_tablet=&#8221;&#8221; hide_on_mobile=&#8221;&#8221;]<div id=\"sc_title_1212424785\"\n\t\tclass=\"sc_title color_style_default sc_title_default\"><h6 class=\"sc_item_subtitle sc_title_subtitle sc_align_center sc_item_title_style_default\">Get Inspired<\/h6><h3 class=\"sc_item_title sc_title_title sc_align_center sc_item_title_style_default\">Design Ideas<\/h3><\/div><!-- \/.sc_title -->[vc_empty_space alter_height=&#8221;medium&#8221; hide_on_desktop=&#8221;&#8221; hide_on_notebook=&#8221;&#8221; hide_on_tablet=&#8221;&#8221; hide_on_mobile=&#8221;&#8221;]<div id=\"slider_video\" class=\"widget_area sc_widget_slider vc_widget_slider wpb_content_element\"><aside id=\"slider_video_widget\" class=\"widget widget_slider\">\t\t\t<div class=\"slider_wrap slider_engine_swiper\">\n\t\t\t\t<div id=\"slider_video_outer\" class=\"slider_outer slider_swiper_outer slider_style_default slider_outer_direction_horizontal slider_outer_one slider_outer_nopagination slider_outer_controls slider_outer_controls_side slider_outer_titles_center\"><div id=\"slider_video_swiper\" class=\"slider_container slider_swiper swiper-slider-container slider_controls slider_controls_side slider_titles_center slider_resize slider_height_auto slider_direction_horizontal slider_nopagination slider_one slider_type_bg\" data-ratio=\"117:67\" data-interval=\"10000\" data-effect=\"slide\" data-pagination=\"bullets\" data-direction=\"horizontal\" data-slides-per-view=\"1\" data-slides-space=\"0\"><div class=\"slider-wrapper swiper-wrapper\"><div  class=\"slider-slide swiper-slide\" data-image=\"https:\/\/annablinds.com\/wp-content\/uploads\/2017\/07\/slider-1.jpg\" style=\"background-image:url(https:\/\/annablinds.com\/wp-content\/uploads\/2017\/07\/slider-1.jpg);\"><\/div><div  class=\"slider-slide swiper-slide\" data-image=\"https:\/\/annablinds.com\/wp-content\/uploads\/2017\/07\/slider-2.jpg\" style=\"background-image:url(https:\/\/annablinds.com\/wp-content\/uploads\/2017\/07\/slider-2.jpg);\"><\/div><div  class=\"slider-slide swiper-slide\" data-image=\"https:\/\/annablinds.com\/wp-content\/uploads\/2017\/07\/slider-3.jpg\" style=\"background-image:url(https:\/\/annablinds.com\/wp-content\/uploads\/2017\/07\/slider-3.jpg);\"><\/div><div  class=\"slider-slide swiper-slide\" data-image=\"https:\/\/annablinds.com\/wp-content\/uploads\/2017\/07\/slider-4.jpg\" style=\"background-image:url(https:\/\/annablinds.com\/wp-content\/uploads\/2017\/07\/slider-4.jpg);\"><\/div><div  class=\"slider-slide swiper-slide\" data-image=\"https:\/\/annablinds.com\/wp-content\/uploads\/2017\/07\/slider-6.jpg\" style=\"background-image:url(https:\/\/annablinds.com\/wp-content\/uploads\/2017\/07\/slider-6.jpg);\"><\/div><div  class=\"slider-slide swiper-slide\" data-image=\"https:\/\/annablinds.com\/wp-content\/uploads\/2017\/07\/slider-5.jpg\" style=\"background-image:url(https:\/\/annablinds.com\/wp-content\/uploads\/2017\/07\/slider-5.jpg);\"><\/div><\/div><!-- \/.slider-wrapper --><div class=\"slider_controls_wrap\"><a class=\"slider_prev swiper-button-prev\" href=\"#\"><\/a><a class=\"slider_next swiper-button-next\" href=\"#\"><\/a><\/div><\/div><!-- \/.slider_container --><\/div><!-- \/.slider_outer -->\t\t\t<\/div>\n\t\t\t<\/aside><\/div><div id=\"slider_controller_1190755032\" class=\"sc_slider_controller sc_slider_controller_thumbs sc_slider_controller_horizontal sc_slider_controller_height_fixed\" data-slider-id=\"slider_video\" data-style=\"thumbs\" data-controls=\"0\" data-interval=\"7000\" data-effect=\"slide\" data-direction=\"horizontal\" data-slides-per-view=\"6\" data-slides-space=\"0\" data-height=\"100px\"><\/div>[\/vc_column][\/vc_row]<\/p>\n","protected":false},"excerpt":{"rendered":"<p>[vc_row][vc_column width=&#8221;1\/3&#8243;][vc_single_image image=&#8221;1279&#8243; img_size=&#8221;full&#8221; alignment=&#8221;center&#8221;][vc_empty_space alter_height=&#8221;small&#8221; hide_on_desktop=&#8221;&#8221; hide_on_notebook=&#8221;&#8221; hide_on_tablet=&#8221;&#8221; hide_on_mobile=&#8221;&#8221; css=&#8221;.vc_custom_1507116561302{margin-top: 0.6rem !important;}&#8221;][vc_column_text] Helen J. Kinney [\/vc_column_text][vc_empty_space hide_on_desktop=&#8221;&#8221; hide_on_notebook=&#8221;&#8221; hide_on_tablet=&#8221;&#8221; hide_on_mobile=&#8221;&#8221;][vc_column_text] Founder &amp; Director [\/vc_column_text][vc_empty_space alter_height=&#8221;huge&#8221; hide_on_desktop=&#8221;&#8221; hide_on_notebook=&#8221;&#8221; hide_on_tablet=&#8221;&#8221; hide_on_mobile=&#8221;&#8221;][\/vc_column][vc_column width=&#8221;2\/3&#8243;][vc_empty_space alter_height=&#8221;medium&#8221; hide_on_desktop=&#8221;&#8221; hide_on_notebook=&#8221;&#8221; hide_on_tablet=&#8221;&#8221; hide_on_mobile=&#8221;&#8221; css=&#8221;.vc_custom_1507116592881{margin-top: -0.5rem !important;}&#8221;][vc_column_text] Dress your windows your way Morbi blandit non lorem id placerat. Vivamus auctor purus quis nisi molestie, sit amet auctor nunc&hellip;<\/p>\n","protected":false},"author":1,"featured_media":0,"parent":0,"menu_order":0,"comment_status":"closed","ping_status":"closed","template":"","meta":[],"yoast_head":"<!-- This site is optimized with the Yoast SEO plugin v17.2 - https:\/\/yoast.com\/wordpress\/plugins\/seo\/ -->\n<title>About Us Style 1 - Anna Blinds - \u0110\u1eb9p \u1edf m\u1ecdi g\u00f3c nh\u00ecn !<\/title>\n<meta name=\"robots\" content=\"index, follow, max-snippet:-1, max-image-preview:large, max-video-preview:-1\" \/>\n<link rel=\"canonical\" href=\"https:\/\/annablinds.com\/en\/about-us-style-1\/\" \/>\n<meta property=\"og:locale\" content=\"en_US\" \/>\n<meta property=\"og:type\" content=\"article\" \/>\n<meta property=\"og:title\" content=\"About Us Style 1 - Anna Blinds - \u0110\u1eb9p \u1edf m\u1ecdi g\u00f3c nh\u00ecn !\" \/>\n<meta property=\"og:description\" content=\"[vc_row][vc_column width=&#8221;1\/3&#8243;][vc_single_image image=&#8221;1279&#8243; img_size=&#8221;full&#8221; alignment=&#8221;center&#8221;][vc_empty_space alter_height=&#8221;small&#8221; hide_on_desktop=&#8221;&#8221; hide_on_notebook=&#8221;&#8221; hide_on_tablet=&#8221;&#8221; hide_on_mobile=&#8221;&#8221; css=&#8221;.vc_custom_1507116561302{margin-top: 0.6rem !important;}&#8221;][vc_column_text] Helen J. Kinney [\/vc_column_text][vc_empty_space hide_on_desktop=&#8221;&#8221; hide_on_notebook=&#8221;&#8221; hide_on_tablet=&#8221;&#8221; hide_on_mobile=&#8221;&#8221;][vc_column_text] Founder &amp; Director [\/vc_column_text][vc_empty_space alter_height=&#8221;huge&#8221; hide_on_desktop=&#8221;&#8221; hide_on_notebook=&#8221;&#8221; hide_on_tablet=&#8221;&#8221; hide_on_mobile=&#8221;&#8221;][\/vc_column][vc_column width=&#8221;2\/3&#8243;][vc_empty_space alter_height=&#8221;medium&#8221; hide_on_desktop=&#8221;&#8221; hide_on_notebook=&#8221;&#8221; hide_on_tablet=&#8221;&#8221; hide_on_mobile=&#8221;&#8221; css=&#8221;.vc_custom_1507116592881{margin-top: -0.5rem !important;}&#8221;][vc_column_text] Dress your windows your way Morbi blandit non lorem id placerat. Vivamus auctor purus quis nisi molestie, sit amet auctor nunc&hellip;\" \/>\n<meta property=\"og:url\" content=\"https:\/\/annablinds.com\/en\/about-us-style-1\/\" \/>\n<meta property=\"og:site_name\" content=\"Anna Blinds - \u0110\u1eb9p \u1edf m\u1ecdi g\u00f3c nh\u00ecn !\" \/>\n<meta property=\"article:publisher\" content=\"https:\/\/www.facebook.com\/mansaocaocap\" \/>\n<meta property=\"article:modified_time\" content=\"2021-09-20T04:43:03+00:00\" \/>\n<meta name=\"twitter:card\" content=\"summary_large_image\" \/>\n<meta name=\"twitter:label1\" content=\"Est. reading time\" \/>\n\t<meta name=\"twitter:data1\" content=\"3 minutes\" \/>\n<script type=\"application\/ld+json\" class=\"yoast-schema-graph\">{\"@context\":\"https:\/\/schema.org\",\"@graph\":[{\"@type\":\"Organization\",\"@id\":\"https:\/\/annablinds.com\/#organization\",\"name\":\"C\\u00f4ng ty TNHH MTV Anna Khang\",\"url\":\"https:\/\/annablinds.com\/\",\"sameAs\":[\"https:\/\/www.facebook.com\/mansaocaocap\"],\"logo\":{\"@type\":\"ImageObject\",\"@id\":\"https:\/\/annablinds.com\/#logo\",\"inLanguage\":\"en\",\"url\":\"https:\/\/annablinds.com\/wp-content\/uploads\/2021\/07\/logo-anna.jpeg\",\"contentUrl\":\"https:\/\/annablinds.com\/wp-content\/uploads\/2021\/07\/logo-anna.jpeg\",\"width\":110,\"height\":110,\"caption\":\"C\\u00f4ng ty TNHH MTV Anna Khang\"},\"image\":{\"@id\":\"https:\/\/annablinds.com\/#logo\"}},{\"@type\":\"WebSite\",\"@id\":\"https:\/\/annablinds.com\/#website\",\"url\":\"https:\/\/annablinds.com\/\",\"name\":\"Anna Blinds - \\u0110\\u1eb9p \\u1edf m\\u1ecdi g\\u00f3c nh\\u00ecn !\",\"description\":\"Chuy\\u00ean cung c\\u1ea5p s\\u1ea3n xu\\u1ea5t r\\u00e8m c\\u1eeda\",\"publisher\":{\"@id\":\"https:\/\/annablinds.com\/#organization\"},\"potentialAction\":[{\"@type\":\"SearchAction\",\"target\":{\"@type\":\"EntryPoint\",\"urlTemplate\":\"https:\/\/annablinds.com\/?s={search_term_string}\"},\"query-input\":\"required name=search_term_string\"}],\"inLanguage\":\"en\"},{\"@type\":\"WebPage\",\"@id\":\"https:\/\/annablinds.com\/en\/about-us-style-1\/#webpage\",\"url\":\"https:\/\/annablinds.com\/en\/about-us-style-1\/\",\"name\":\"About Us Style 1 - Anna Blinds - \\u0110\\u1eb9p \\u1edf m\\u1ecdi g\\u00f3c nh\\u00ecn !\",\"isPartOf\":{\"@id\":\"https:\/\/annablinds.com\/#website\"},\"datePublished\":\"2017-07-11T14:27:13+00:00\",\"dateModified\":\"2021-09-20T04:43:03+00:00\",\"breadcrumb\":{\"@id\":\"https:\/\/annablinds.com\/en\/about-us-style-1\/#breadcrumb\"},\"inLanguage\":\"en\",\"potentialAction\":[{\"@type\":\"ReadAction\",\"target\":[\"https:\/\/annablinds.com\/en\/about-us-style-1\/\"]}]},{\"@type\":\"BreadcrumbList\",\"@id\":\"https:\/\/annablinds.com\/en\/about-us-style-1\/#breadcrumb\",\"itemListElement\":[{\"@type\":\"ListItem\",\"position\":1,\"name\":\"Home\",\"item\":\"https:\/\/annablinds.com\/en\/\"},{\"@type\":\"ListItem\",\"position\":2,\"name\":\"About Us Style 1\"}]}]}<\/script>\n<!-- \/ Yoast SEO plugin. -->","yoast_head_json":{"title":"About Us Style 1 - Anna Blinds - \u0110\u1eb9p \u1edf m\u1ecdi g\u00f3c nh\u00ecn !","robots":{"index":"index","follow":"follow","max-snippet":"max-snippet:-1","max-image-preview":"max-image-preview:large","max-video-preview":"max-video-preview:-1"},"canonical":"https:\/\/annablinds.com\/en\/about-us-style-1\/","og_locale":"en_US","og_type":"article","og_title":"About Us Style 1 - Anna Blinds - \u0110\u1eb9p \u1edf m\u1ecdi g\u00f3c nh\u00ecn !","og_description":"[vc_row][vc_column width=&#8221;1\/3&#8243;][vc_single_image image=&#8221;1279&#8243; img_size=&#8221;full&#8221; alignment=&#8221;center&#8221;][vc_empty_space alter_height=&#8221;small&#8221; hide_on_desktop=&#8221;&#8221; hide_on_notebook=&#8221;&#8221; hide_on_tablet=&#8221;&#8221; hide_on_mobile=&#8221;&#8221; css=&#8221;.vc_custom_1507116561302{margin-top: 0.6rem !important;}&#8221;][vc_column_text] Helen J. Kinney [\/vc_column_text][vc_empty_space hide_on_desktop=&#8221;&#8221; hide_on_notebook=&#8221;&#8221; hide_on_tablet=&#8221;&#8221; hide_on_mobile=&#8221;&#8221;][vc_column_text] Founder &amp; Director [\/vc_column_text][vc_empty_space alter_height=&#8221;huge&#8221; hide_on_desktop=&#8221;&#8221; hide_on_notebook=&#8221;&#8221; hide_on_tablet=&#8221;&#8221; hide_on_mobile=&#8221;&#8221;][\/vc_column][vc_column width=&#8221;2\/3&#8243;][vc_empty_space alter_height=&#8221;medium&#8221; hide_on_desktop=&#8221;&#8221; hide_on_notebook=&#8221;&#8221; hide_on_tablet=&#8221;&#8221; hide_on_mobile=&#8221;&#8221; css=&#8221;.vc_custom_1507116592881{margin-top: -0.5rem !important;}&#8221;][vc_column_text] Dress your windows your way Morbi blandit non lorem id placerat. Vivamus auctor purus quis nisi molestie, sit amet auctor nunc&hellip;","og_url":"https:\/\/annablinds.com\/en\/about-us-style-1\/","og_site_name":"Anna Blinds - \u0110\u1eb9p \u1edf m\u1ecdi g\u00f3c nh\u00ecn !","article_publisher":"https:\/\/www.facebook.com\/mansaocaocap","article_modified_time":"2021-09-20T04:43:03+00:00","twitter_card":"summary_large_image","twitter_misc":{"Est. reading time":"3 minutes"},"schema":{"@context":"https:\/\/schema.org","@graph":[{"@type":"Organization","@id":"https:\/\/annablinds.com\/#organization","name":"C\u00f4ng ty TNHH MTV Anna Khang","url":"https:\/\/annablinds.com\/","sameAs":["https:\/\/www.facebook.com\/mansaocaocap"],"logo":{"@type":"ImageObject","@id":"https:\/\/annablinds.com\/#logo","inLanguage":"en","url":"https:\/\/annablinds.com\/wp-content\/uploads\/2021\/07\/logo-anna.jpeg","contentUrl":"https:\/\/annablinds.com\/wp-content\/uploads\/2021\/07\/logo-anna.jpeg","width":110,"height":110,"caption":"C\u00f4ng ty TNHH MTV Anna Khang"},"image":{"@id":"https:\/\/annablinds.com\/#logo"}},{"@type":"WebSite","@id":"https:\/\/annablinds.com\/#website","url":"https:\/\/annablinds.com\/","name":"Anna Blinds - \u0110\u1eb9p \u1edf m\u1ecdi g\u00f3c nh\u00ecn !","description":"Chuy\u00ean cung c\u1ea5p s\u1ea3n xu\u1ea5t r\u00e8m c\u1eeda","publisher":{"@id":"https:\/\/annablinds.com\/#organization"},"potentialAction":[{"@type":"SearchAction","target":{"@type":"EntryPoint","urlTemplate":"https:\/\/annablinds.com\/?s={search_term_string}"},"query-input":"required name=search_term_string"}],"inLanguage":"en"},{"@type":"WebPage","@id":"https:\/\/annablinds.com\/en\/about-us-style-1\/#webpage","url":"https:\/\/annablinds.com\/en\/about-us-style-1\/","name":"About Us Style 1 - Anna Blinds - \u0110\u1eb9p \u1edf m\u1ecdi g\u00f3c nh\u00ecn !","isPartOf":{"@id":"https:\/\/annablinds.com\/#website"},"datePublished":"2017-07-11T14:27:13+00:00","dateModified":"2021-09-20T04:43:03+00:00","breadcrumb":{"@id":"https:\/\/annablinds.com\/en\/about-us-style-1\/#breadcrumb"},"inLanguage":"en","potentialAction":[{"@type":"ReadAction","target":["https:\/\/annablinds.com\/en\/about-us-style-1\/"]}]},{"@type":"BreadcrumbList","@id":"https:\/\/annablinds.com\/en\/about-us-style-1\/#breadcrumb","itemListElement":[{"@type":"ListItem","position":1,"name":"Home","item":"https:\/\/annablinds.com\/en\/"},{"@type":"ListItem","position":2,"name":"About Us Style 1"}]}]}},"_links":{"self":[{"href":"https:\/\/annablinds.com\/en\/wp-json\/wp\/v2\/pages\/1278"}],"collection":[{"href":"https:\/\/annablinds.com\/en\/wp-json\/wp\/v2\/pages"}],"about":[{"href":"https:\/\/annablinds.com\/en\/wp-json\/wp\/v2\/types\/page"}],"author":[{"embeddable":true,"href":"https:\/\/annablinds.com\/en\/wp-json\/wp\/v2\/users\/1"}],"replies":[{"embeddable":true,"href":"https:\/\/annablinds.com\/en\/wp-json\/wp\/v2\/comments?post=1278"}],"version-history":[{"count":3,"href":"https:\/\/annablinds.com\/en\/wp-json\/wp\/v2\/pages\/1278\/revisions"}],"predecessor-version":[{"id":1503,"href":"https:\/\/annablinds.com\/en\/wp-json\/wp\/v2\/pages\/1278\/revisions\/1503"}],"wp:attachment":[{"href":"https:\/\/annablinds.com\/en\/wp-json\/wp\/v2\/media?parent=1278"}],"curies":[{"name":"wp","href":"https:\/\/api.w.org\/{rel}","templated":true}]}}