
{"id":1272,"date":"2017-07-11T14:28:22","date_gmt":"2017-07-11T14:28:22","guid":{"rendered":"https:\/\/annablinds.com\/lien-he\/"},"modified":"2025-10-14T10:50:31","modified_gmt":"2025-10-14T03:50:31","slug":"lien-he","status":"publish","type":"page","link":"https:\/\/annablinds.com\/en\/lien-he\/","title":{"rendered":"Li\u00ean h\u1ec7"},"content":{"rendered":"<p>[vc_row full_width=&#8221;stretch_row_content_no_spaces&#8221;][vc_column]<div id=\"sc_googlemap_1707123245_wrap\" class=\"sc_googlemap_wrap\"><div class=\"sc_googlemap_content_wrap\"><div id=\"sc_googlemap_1707123245\"\n\t\t\tclass=\"sc_googlemap sc_googlemap_default\"\n\t\t\t style=\"width:100%;height:464px;\"\t\t\tdata-zoom=\"17\"\n\t\t\tdata-style=\"grey\"\n\t\t\tdata-cluster-icon=\"\"\n        ><iframe\n                    src=\"https:\/\/maps.google.com\/maps?t=m&output=embed&iwloc=near&z=17&q=X%C6%B0%E1%BB%9Fng+s%E1%BA%A3n+xu%E1%BA%A5t+M%C3%A0n+s%C3%A1o+Anna\"\n                    scrolling=\"no\"\n                    marginheight=\"0\"\n                    marginwidth=\"0\"\n                    frameborder=\"0\"\n                    aria-label=\"\"><\/iframe><\/div>\t\t\t<div class=\"sc_googlemap_content color_style_default sc_googlemap_content_default\">[vc_column_text]<iframe loading=\"lazy\" style=\"border: 0;\" src=\"https:\/\/www.google.com\/maps\/embed?pb=!1m18!1m12!1m3!1d3919.5673787881615!2d106.66632991483648!3d10.767786862297383!2m3!1f0!2f0!3f0!3m2!1i1024!2i768!4f13.1!3m3!1m2!1s0x31752ee76b74ef39%3A0x3a4eadd3b0781881!2zNDU3IEzDvSBUaMOhaSBU4buVLCBQaMaw4budbmcgOSwgUXXhuq1uIDEwLCBUaMOgbmggcGjhu5EgSOG7kyBDaMOtIE1pbmgsIFZpZXRuYW0!5e0!3m2!1sen!2s!4v1626890039993!5m2!1sen!2s\" width=\"100%\" height=\"450\" allowfullscreen=\"allowfullscreen\"><\/iframe>[\/vc_column_text]<\/div>\n\t\t<\/div>\n\t\t<\/div><!-- \/.sc_googlemap_wrap -->[\/vc_column][\/vc_row][vc_row full_width=&#8221;stretch_row&#8221; hide_bg_image_on_tablet=&#8221;&#8221; hide_bg_image_on_mobile=&#8221;&#8221; css=&#8221;.vc_custom_1632109042454{background-color: #f6f6f6 !important;}&#8221;][vc_column width=&#8221;1\/2&#8243;]<div class=\"sc_content_wrap sc_push_medium\"><div id=\"sc_content_1060654580\"\n\t\tclass=\"sc_content color_style_default scheme_dark sc_content_default sc_float_center sc_padding_small sc_margin_tiny  vc_custom_1626968360740\"><div class=\"sc_content_container\"><div id=\"sc_title_103991236\"\n\t\tclass=\"sc_title color_style_default sc_title_default\"><h4 class=\"sc_item_title sc_title_title sc_align_left sc_item_title_style_default sc_item_title_tag\">C\u00d4NG TY TNHH MTV ANNA KHANG<\/h4><\/div><!-- \/.sc_title -->[vc_separator color=&#8221;custom&#8221; accent_color=&#8221;#3d515e&#8221; css=&#8221;.vc_custom_1506952319686{margin-top: 1.35rem !important;margin-bottom: 1.6rem !important;}&#8221;]<div id=\"widget_contacts_1843192668\" class=\"widget_area sc_widget_contacts vc_widget_contacts wpb_content_element\"><aside id=\"widget_contacts_1843192668_widget\" class=\"widget widget_contacts\"><div class=\"contacts_wrap\"><div class=\"contacts_info\"><span class=\"contacts_address\">172 Tr\u1ecbnh \u0110\u00ecnh Tr\u1ecdng, Ph\u01b0\u1eddng T\u00e2n Ph\u00fa, Th\u00e0nh ph\u1ed1 H\u1ed3 Ch\u00ed Minh<\/span><span class=\"contacts_email\"><a href=\"mailto:&#109;&#97;&#110;sa&#111;&#64;an&#110;&#97;.&#118;&#110;\">&#109;a&#110;&#115;ao&#64;&#97;&#110;na.vn<\/a><\/span><div class=\"contacts_phone\"><\/div><\/div><\/div><!-- \/.contacts_wrap --><\/aside><\/div>[vc_empty_space alter_height=&#8221;small&#8221; hide_on_desktop=&#8221;&#8221; hide_on_notebook=&#8221;&#8221; hide_on_tablet=&#8221;&#8221; hide_on_mobile=&#8221;&#8221; css=&#8221;.vc_custom_1506952405222{margin-bottom: -0.35rem !important;}&#8221;][vc_single_image image=&#8221;949&#8243; img_size=&#8221;full&#8221; alignment=&#8221;center&#8221; css=&#8221;.vc_custom_1626968516058{margin-bottom: 0.3rem !important;}&#8221;]<\/div><\/div><!-- \/.sc_content --><\/div><!-- \/.sc_content_wrap -->[\/vc_column][vc_column width=&#8221;1\/2&#8243;][vc_empty_space alter_height=&#8221;medium&#8221; hide_on_desktop=&#8221;&#8221; hide_on_notebook=&#8221;&#8221; hide_on_tablet=&#8221;&#8221; hide_on_mobile=&#8221;&#8221;][vc_column_text css=&#8221;.vc_custom_1626891520709{padding-bottom: 1.7rem !important;}&#8221;]B\u1ea1n c\u00f3 c\u00e2u h\u1ecfi? Ch\u1ec9 c\u1ea7n \u0111i\u1ec1n v\u00e0o bi\u1ec3u m\u1eabu b\u00ean d\u01b0\u1edbi v\u00e0 ch\u00fang t\u00f4i s\u1ebd li\u00ean h\u1ec7 l\u1ea1i v\u1edbi b\u1ea1n s\u1edbm nh\u1ea5t c\u00f3 th\u1ec3[\/vc_column_text]<div role=\"form\" class=\"wpcf7\" id=\"wpcf7-f844-o1\" lang=\"en-US\" dir=\"ltr\">\n<div class=\"screen-reader-response\"><p role=\"status\" aria-live=\"polite\" aria-atomic=\"true\"><\/p> <ul><\/ul><\/div>\n<form action=\"\/en\/wp-json\/wp\/v2\/pages\/1272#wpcf7-f844-o1\" method=\"post\" class=\"wpcf7-form init\" novalidate=\"novalidate\" data-status=\"init\">\n<div style=\"display: none;\">\n<input type=\"hidden\" name=\"_wpcf7\" value=\"844\" \/>\n<input type=\"hidden\" name=\"_wpcf7_version\" value=\"5.4.2\" \/>\n<input type=\"hidden\" name=\"_wpcf7_locale\" value=\"en_US\" \/>\n<input type=\"hidden\" name=\"_wpcf7_unit_tag\" value=\"wpcf7-f844-o1\" \/>\n<input type=\"hidden\" name=\"_wpcf7_container_post\" value=\"0\" \/>\n<input type=\"hidden\" name=\"_wpcf7_posted_data_hash\" value=\"\" \/>\n<\/div>\n<div class=\"contact_us\">\n<div class=\"flex\">\n<div class='itm row' ><span class=\"wpcf7-form-control-wrap your-name\"><input type=\"text\" name=\"your-name\" value=\"\" size=\"40\" class=\"wpcf7-form-control wpcf7-text wpcf7-validates-as-required\" aria-required=\"true\" aria-invalid=\"false\" placeholder=\"H\u1ecd v\u00e0 T\u00ean*\" \/><\/span><\/div>\n<div class='itm row' ><span class=\"wpcf7-form-control-wrap your-phone\"><input type=\"text\" name=\"your-phone\" value=\"\" size=\"40\" class=\"wpcf7-form-control wpcf7-text wpcf7-validates-as-required\" aria-required=\"true\" aria-invalid=\"false\" placeholder=\"\u0110i\u1ec7n tho\u1ea1i*\" \/><\/span><\/div>\n<div class='itm row'><span class=\"wpcf7-form-control-wrap your-email\"><input type=\"email\" name=\"your-email\" value=\"\" size=\"40\" class=\"wpcf7-form-control wpcf7-text wpcf7-email wpcf7-validates-as-required wpcf7-validates-as-email\" aria-required=\"true\" aria-invalid=\"false\" placeholder=\"E-mail*\" \/><\/span><\/div>\n<\/div>\n<div class=''><span class=\"wpcf7-form-control-wrap your-message\"><textarea name=\"your-message\" cols=\"40\" rows=\"10\" class=\"wpcf7-form-control wpcf7-textarea wpcf7-validates-as-required\" aria-required=\"true\" aria-invalid=\"false\" placeholder=\"N\u1ed9i dung*\"><\/textarea><\/span><\/div>\n<div class=\"sc_form_field sc_form_field_button sc_form_field_submit\"><input type=\"submit\" value=\"G\u1eedi li\u00ean h\u1ec7\" class=\"wpcf7-form-control wpcf7-submit\" \/><\/div>\n<\/div>\n<div class=\"wpcf7-response-output\" aria-hidden=\"true\"><\/div><\/form><\/div>[\/vc_column][vc_column][vc_empty_space alter_height=&#8221;huge&#8221; hide_on_desktop=&#8221;&#8221; hide_on_notebook=&#8221;&#8221; hide_on_tablet=&#8221;&#8221; hide_on_mobile=&#8221;&#8221;][\/vc_column][\/vc_row]<\/p>\n","protected":false},"excerpt":{"rendered":"<p>[vc_row full_width=&#8221;stretch_row_content_no_spaces&#8221;][vc_column][\/vc_column][\/vc_row][vc_row full_width=&#8221;stretch_row&#8221; hide_bg_image_on_tablet=&#8221;&#8221; hide_bg_image_on_mobile=&#8221;&#8221; css=&#8221;.vc_custom_1632109042454{background-color: #f6f6f6 !important;}&#8221;][vc_column width=&#8221;1\/2&#8243;][\/vc_column][vc_column width=&#8221;1\/2&#8243;][vc_empty_space alter_height=&#8221;medium&#8221; hide_on_desktop=&#8221;&#8221; hide_on_notebook=&#8221;&#8221; hide_on_tablet=&#8221;&#8221; hide_on_mobile=&#8221;&#8221;][vc_column_text css=&#8221;.vc_custom_1626891520709{padding-bottom: 1.7rem !important;}&#8221;]B\u1ea1n c\u00f3 c\u00e2u h\u1ecfi? Ch\u1ec9 c\u1ea7n \u0111i\u1ec1n v\u00e0o bi\u1ec3u m\u1eabu b\u00ean d\u01b0\u1edbi v\u00e0 ch\u00fang t\u00f4i s\u1ebd li\u00ean h\u1ec7 l\u1ea1i v\u1edbi b\u1ea1n s\u1edbm nh\u1ea5t c\u00f3 th\u1ec3[\/vc_column_text][\/vc_column][vc_column][vc_empty_space alter_height=&#8221;huge&#8221; hide_on_desktop=&#8221;&#8221; hide_on_notebook=&#8221;&#8221; hide_on_tablet=&#8221;&#8221; hide_on_mobile=&#8221;&#8221;][\/vc_column][\/vc_row]<\/p>\n","protected":false},"author":1,"featured_media":0,"parent":0,"menu_order":0,"comment_status":"closed","ping_status":"closed","template":"","meta":[],"yoast_head":"<!-- This site is optimized with the Yoast SEO plugin v17.2 - https:\/\/yoast.com\/wordpress\/plugins\/seo\/ -->\n<title>Li\u00ean h\u1ec7 - Anna Blinds - \u0110\u1eb9p \u1edf m\u1ecdi g\u00f3c nh\u00ecn !<\/title>\n<meta name=\"robots\" content=\"index, follow, max-snippet:-1, max-image-preview:large, max-video-preview:-1\" \/>\n<link rel=\"canonical\" href=\"https:\/\/annablinds.com\/en\/lien-he\/\" \/>\n<meta property=\"og:locale\" content=\"en_US\" \/>\n<meta property=\"og:type\" content=\"article\" \/>\n<meta property=\"og:title\" content=\"Li\u00ean h\u1ec7 - Anna Blinds - \u0110\u1eb9p \u1edf m\u1ecdi g\u00f3c nh\u00ecn !\" \/>\n<meta property=\"og:description\" content=\"[vc_row full_width=&#8221;stretch_row_content_no_spaces&#8221;][vc_column][\/vc_column][\/vc_row][vc_row full_width=&#8221;stretch_row&#8221; hide_bg_image_on_tablet=&#8221;&#8221; hide_bg_image_on_mobile=&#8221;&#8221; css=&#8221;.vc_custom_1632109042454{background-color: #f6f6f6 !important;}&#8221;][vc_column width=&#8221;1\/2&#8243;][\/vc_column][vc_column width=&#8221;1\/2&#8243;][vc_empty_space alter_height=&#8221;medium&#8221; hide_on_desktop=&#8221;&#8221; hide_on_notebook=&#8221;&#8221; hide_on_tablet=&#8221;&#8221; hide_on_mobile=&#8221;&#8221;][vc_column_text css=&#8221;.vc_custom_1626891520709{padding-bottom: 1.7rem !important;}&#8221;]B\u1ea1n c\u00f3 c\u00e2u h\u1ecfi? Ch\u1ec9 c\u1ea7n \u0111i\u1ec1n v\u00e0o bi\u1ec3u m\u1eabu b\u00ean d\u01b0\u1edbi v\u00e0 ch\u00fang t\u00f4i s\u1ebd li\u00ean h\u1ec7 l\u1ea1i v\u1edbi b\u1ea1n s\u1edbm nh\u1ea5t c\u00f3 th\u1ec3[\/vc_column_text][\/vc_column][vc_column][vc_empty_space alter_height=&#8221;huge&#8221; hide_on_desktop=&#8221;&#8221; hide_on_notebook=&#8221;&#8221; hide_on_tablet=&#8221;&#8221; hide_on_mobile=&#8221;&#8221;][\/vc_column][\/vc_row]\" \/>\n<meta property=\"og:url\" content=\"https:\/\/annablinds.com\/en\/lien-he\/\" \/>\n<meta property=\"og:site_name\" content=\"Anna Blinds - \u0110\u1eb9p \u1edf m\u1ecdi g\u00f3c nh\u00ecn !\" \/>\n<meta property=\"article:publisher\" content=\"https:\/\/www.facebook.com\/mansaocaocap\" \/>\n<meta property=\"article:modified_time\" content=\"2025-10-14T03:50:31+00:00\" \/>\n<meta name=\"twitter:card\" content=\"summary_large_image\" \/>\n<meta name=\"twitter:label1\" content=\"Est. reading time\" \/>\n\t<meta name=\"twitter:data1\" content=\"2 minutes\" \/>\n<script type=\"application\/ld+json\" class=\"yoast-schema-graph\">{\"@context\":\"https:\/\/schema.org\",\"@graph\":[{\"@type\":\"Organization\",\"@id\":\"https:\/\/annablinds.com\/#organization\",\"name\":\"C\\u00f4ng ty TNHH MTV Anna Khang\",\"url\":\"https:\/\/annablinds.com\/\",\"sameAs\":[\"https:\/\/www.facebook.com\/mansaocaocap\"],\"logo\":{\"@type\":\"ImageObject\",\"@id\":\"https:\/\/annablinds.com\/#logo\",\"inLanguage\":\"en\",\"url\":\"https:\/\/annablinds.com\/wp-content\/uploads\/2021\/07\/logo-anna.jpeg\",\"contentUrl\":\"https:\/\/annablinds.com\/wp-content\/uploads\/2021\/07\/logo-anna.jpeg\",\"width\":110,\"height\":110,\"caption\":\"C\\u00f4ng ty TNHH MTV Anna Khang\"},\"image\":{\"@id\":\"https:\/\/annablinds.com\/#logo\"}},{\"@type\":\"WebSite\",\"@id\":\"https:\/\/annablinds.com\/#website\",\"url\":\"https:\/\/annablinds.com\/\",\"name\":\"Anna Blinds - \\u0110\\u1eb9p \\u1edf m\\u1ecdi g\\u00f3c nh\\u00ecn !\",\"description\":\"Chuy\\u00ean cung c\\u1ea5p s\\u1ea3n xu\\u1ea5t r\\u00e8m c\\u1eeda\",\"publisher\":{\"@id\":\"https:\/\/annablinds.com\/#organization\"},\"potentialAction\":[{\"@type\":\"SearchAction\",\"target\":{\"@type\":\"EntryPoint\",\"urlTemplate\":\"https:\/\/annablinds.com\/?s={search_term_string}\"},\"query-input\":\"required name=search_term_string\"}],\"inLanguage\":\"en\"},{\"@type\":\"WebPage\",\"@id\":\"https:\/\/annablinds.com\/en\/lien-he\/#webpage\",\"url\":\"https:\/\/annablinds.com\/en\/lien-he\/\",\"name\":\"Li\\u00ean h\\u1ec7 - Anna Blinds - \\u0110\\u1eb9p \\u1edf m\\u1ecdi g\\u00f3c nh\\u00ecn !\",\"isPartOf\":{\"@id\":\"https:\/\/annablinds.com\/#website\"},\"datePublished\":\"2017-07-11T14:28:22+00:00\",\"dateModified\":\"2025-10-14T03:50:31+00:00\",\"breadcrumb\":{\"@id\":\"https:\/\/annablinds.com\/en\/lien-he\/#breadcrumb\"},\"inLanguage\":\"en\",\"potentialAction\":[{\"@type\":\"ReadAction\",\"target\":[\"https:\/\/annablinds.com\/en\/lien-he\/\"]}]},{\"@type\":\"BreadcrumbList\",\"@id\":\"https:\/\/annablinds.com\/en\/lien-he\/#breadcrumb\",\"itemListElement\":[{\"@type\":\"ListItem\",\"position\":1,\"name\":\"Home\",\"item\":\"https:\/\/annablinds.com\/en\/\"},{\"@type\":\"ListItem\",\"position\":2,\"name\":\"Li\\u00ean h\\u1ec7\"}]}]}<\/script>\n<!-- \/ Yoast SEO plugin. -->","yoast_head_json":{"title":"Li\u00ean h\u1ec7 - Anna Blinds - \u0110\u1eb9p \u1edf m\u1ecdi g\u00f3c nh\u00ecn !","robots":{"index":"index","follow":"follow","max-snippet":"max-snippet:-1","max-image-preview":"max-image-preview:large","max-video-preview":"max-video-preview:-1"},"canonical":"https:\/\/annablinds.com\/en\/lien-he\/","og_locale":"en_US","og_type":"article","og_title":"Li\u00ean h\u1ec7 - Anna Blinds - \u0110\u1eb9p \u1edf m\u1ecdi g\u00f3c nh\u00ecn !","og_description":"[vc_row full_width=&#8221;stretch_row_content_no_spaces&#8221;][vc_column][\/vc_column][\/vc_row][vc_row full_width=&#8221;stretch_row&#8221; hide_bg_image_on_tablet=&#8221;&#8221; hide_bg_image_on_mobile=&#8221;&#8221; css=&#8221;.vc_custom_1632109042454{background-color: #f6f6f6 !important;}&#8221;][vc_column width=&#8221;1\/2&#8243;][\/vc_column][vc_column width=&#8221;1\/2&#8243;][vc_empty_space alter_height=&#8221;medium&#8221; hide_on_desktop=&#8221;&#8221; hide_on_notebook=&#8221;&#8221; hide_on_tablet=&#8221;&#8221; hide_on_mobile=&#8221;&#8221;][vc_column_text css=&#8221;.vc_custom_1626891520709{padding-bottom: 1.7rem !important;}&#8221;]B\u1ea1n c\u00f3 c\u00e2u h\u1ecfi? Ch\u1ec9 c\u1ea7n \u0111i\u1ec1n v\u00e0o bi\u1ec3u m\u1eabu b\u00ean d\u01b0\u1edbi v\u00e0 ch\u00fang t\u00f4i s\u1ebd li\u00ean h\u1ec7 l\u1ea1i v\u1edbi b\u1ea1n s\u1edbm nh\u1ea5t c\u00f3 th\u1ec3[\/vc_column_text][\/vc_column][vc_column][vc_empty_space alter_height=&#8221;huge&#8221; hide_on_desktop=&#8221;&#8221; hide_on_notebook=&#8221;&#8221; hide_on_tablet=&#8221;&#8221; hide_on_mobile=&#8221;&#8221;][\/vc_column][\/vc_row]","og_url":"https:\/\/annablinds.com\/en\/lien-he\/","og_site_name":"Anna Blinds - \u0110\u1eb9p \u1edf m\u1ecdi g\u00f3c nh\u00ecn !","article_publisher":"https:\/\/www.facebook.com\/mansaocaocap","article_modified_time":"2025-10-14T03:50:31+00:00","twitter_card":"summary_large_image","twitter_misc":{"Est. reading time":"2 minutes"},"schema":{"@context":"https:\/\/schema.org","@graph":[{"@type":"Organization","@id":"https:\/\/annablinds.com\/#organization","name":"C\u00f4ng ty TNHH MTV Anna Khang","url":"https:\/\/annablinds.com\/","sameAs":["https:\/\/www.facebook.com\/mansaocaocap"],"logo":{"@type":"ImageObject","@id":"https:\/\/annablinds.com\/#logo","inLanguage":"en","url":"https:\/\/annablinds.com\/wp-content\/uploads\/2021\/07\/logo-anna.jpeg","contentUrl":"https:\/\/annablinds.com\/wp-content\/uploads\/2021\/07\/logo-anna.jpeg","width":110,"height":110,"caption":"C\u00f4ng ty TNHH MTV Anna Khang"},"image":{"@id":"https:\/\/annablinds.com\/#logo"}},{"@type":"WebSite","@id":"https:\/\/annablinds.com\/#website","url":"https:\/\/annablinds.com\/","name":"Anna Blinds - \u0110\u1eb9p \u1edf m\u1ecdi g\u00f3c nh\u00ecn !","description":"Chuy\u00ean cung c\u1ea5p s\u1ea3n xu\u1ea5t r\u00e8m c\u1eeda","publisher":{"@id":"https:\/\/annablinds.com\/#organization"},"potentialAction":[{"@type":"SearchAction","target":{"@type":"EntryPoint","urlTemplate":"https:\/\/annablinds.com\/?s={search_term_string}"},"query-input":"required name=search_term_string"}],"inLanguage":"en"},{"@type":"WebPage","@id":"https:\/\/annablinds.com\/en\/lien-he\/#webpage","url":"https:\/\/annablinds.com\/en\/lien-he\/","name":"Li\u00ean h\u1ec7 - Anna Blinds - \u0110\u1eb9p \u1edf m\u1ecdi g\u00f3c nh\u00ecn !","isPartOf":{"@id":"https:\/\/annablinds.com\/#website"},"datePublished":"2017-07-11T14:28:22+00:00","dateModified":"2025-10-14T03:50:31+00:00","breadcrumb":{"@id":"https:\/\/annablinds.com\/en\/lien-he\/#breadcrumb"},"inLanguage":"en","potentialAction":[{"@type":"ReadAction","target":["https:\/\/annablinds.com\/en\/lien-he\/"]}]},{"@type":"BreadcrumbList","@id":"https:\/\/annablinds.com\/en\/lien-he\/#breadcrumb","itemListElement":[{"@type":"ListItem","position":1,"name":"Home","item":"https:\/\/annablinds.com\/en\/"},{"@type":"ListItem","position":2,"name":"Li\u00ean h\u1ec7"}]}]}},"_links":{"self":[{"href":"https:\/\/annablinds.com\/en\/wp-json\/wp\/v2\/pages\/1272"}],"collection":[{"href":"https:\/\/annablinds.com\/en\/wp-json\/wp\/v2\/pages"}],"about":[{"href":"https:\/\/annablinds.com\/en\/wp-json\/wp\/v2\/types\/page"}],"author":[{"embeddable":true,"href":"https:\/\/annablinds.com\/en\/wp-json\/wp\/v2\/users\/1"}],"replies":[{"embeddable":true,"href":"https:\/\/annablinds.com\/en\/wp-json\/wp\/v2\/comments?post=1272"}],"version-history":[{"count":48,"href":"https:\/\/annablinds.com\/en\/wp-json\/wp\/v2\/pages\/1272\/revisions"}],"predecessor-version":[{"id":3837,"href":"https:\/\/annablinds.com\/en\/wp-json\/wp\/v2\/pages\/1272\/revisions\/3837"}],"wp:attachment":[{"href":"https:\/\/annablinds.com\/en\/wp-json\/wp\/v2\/media?parent=1272"}],"curies":[{"name":"wp","href":"https:\/\/api.w.org\/{rel}","templated":true}]}}